{"id":4033,"date":"2024-06-06T14:07:07","date_gmt":"2024-06-06T14:07:07","guid":{"rendered":"https:\/\/vakantieverhuurspanje.es\/servicios\/"},"modified":"2024-08-12T08:25:17","modified_gmt":"2024-08-12T08:25:17","slug":"servicios","status":"publish","type":"page","link":"https:\/\/vakantieverhuurspanje.es\/es\/servicios\/","title":{"rendered":"Servicios"},"content":{"rendered":"\t\t<div data-elementor-type=\"wp-page\" data-elementor-id=\"4033\" class=\"elementor elementor-4033 elementor-2199\" data-elementor-post-type=\"page\">\n\t\t\t\t<div class=\"elementor-element elementor-element-a37e1b2 e-flex e-con-boxed e-con e-parent\" data-id=\"a37e1b2\" data-element_type=\"container\" data-settings=\"{&quot;background_background&quot;:&quot;classic&quot;}\">\n\t\t\t\t\t<div class=\"e-con-inner\">\n\t\t<div class=\"elementor-element elementor-element-00b16fe e-flex e-con-boxed e-con e-child\" data-id=\"00b16fe\" data-element_type=\"container\">\n\t\t\t\t\t<div class=\"e-con-inner\">\n\t\t\t\t<div class=\"elementor-element elementor-element-749215a elementor-widget elementor-widget-heading\" data-id=\"749215a\" data-element_type=\"widget\" data-widget_type=\"heading.default\">\n\t\t\t\t<div class=\"elementor-widget-container\">\n\t\t\t\t\t<h1 class=\"elementor-heading-title elementor-size-default\">Servicios<\/h1>\t\t\t\t<\/div>\n\t\t\t\t<\/div>\n\t\t\t\t<div class=\"elementor-element elementor-element-f372af0 elementor-widget__width-initial elementor-widget elementor-widget-text-editor\" data-id=\"f372af0\" data-element_type=\"widget\" data-widget_type=\"text-editor.default\">\n\t\t\t\t<div class=\"elementor-widget-container\">\n\t\t\t\t\t\t\t\t\t<p><span style=\"font-weight: 400;\">Descubra los lujos y comodidades de nuestros servicios extra en Vakantie Verhuur Spanje, con los que nos aseguramos de que su estancia sea inolvidable.<\/span><\/p>\n\t\t\t\t\t\t\t\t<\/div>\n\t\t\t\t<\/div>\n\t\t\t\t<div class=\"elementor-element elementor-element-b413686 elementor-widget__width-auto elementor-absolute elementor-align-center elementor-widget elementor-widget-lottie\" data-id=\"b413686\" data-element_type=\"widget\" data-settings=\"{&quot;source_json&quot;:{&quot;url&quot;:&quot;https:\\\/\\\/vakantieverhuurspanje.es\\\/wp-content\\\/uploads\\\/2024\\\/05\\\/BgDEBlPNTJ.json&quot;,&quot;id&quot;:1706,&quot;size&quot;:&quot;&quot;,&quot;alt&quot;:&quot;&quot;,&quot;source&quot;:&quot;library&quot;},&quot;link_to&quot;:&quot;custom&quot;,&quot;custom_link&quot;:{&quot;url&quot;:&quot;#scroll&quot;,&quot;is_external&quot;:&quot;&quot;,&quot;nofollow&quot;:&quot;&quot;,&quot;custom_attributes&quot;:&quot;&quot;},&quot;loop&quot;:&quot;yes&quot;,&quot;_position&quot;:&quot;absolute&quot;,&quot;source&quot;:&quot;media_file&quot;,&quot;caption_source&quot;:&quot;none&quot;,&quot;trigger&quot;:&quot;arriving_to_viewport&quot;,&quot;viewport&quot;:{&quot;unit&quot;:&quot;%&quot;,&quot;size&quot;:&quot;&quot;,&quot;sizes&quot;:{&quot;start&quot;:0,&quot;end&quot;:100}},&quot;play_speed&quot;:{&quot;unit&quot;:&quot;px&quot;,&quot;size&quot;:1,&quot;sizes&quot;:[]},&quot;start_point&quot;:{&quot;unit&quot;:&quot;%&quot;,&quot;size&quot;:0,&quot;sizes&quot;:[]},&quot;end_point&quot;:{&quot;unit&quot;:&quot;%&quot;,&quot;size&quot;:100,&quot;sizes&quot;:[]},&quot;renderer&quot;:&quot;svg&quot;}\" data-widget_type=\"lottie.default\">\n\t\t\t\t<div class=\"elementor-widget-container\">\n\t\t\t\t\t<a class=\"e-lottie__container__link\" href=\"#scroll\"><div class=\"e-lottie__container\"><div class=\"e-lottie__animation\"><\/div><\/div><\/a>\t\t\t\t<\/div>\n\t\t\t\t<\/div>\n\t\t\t\t\t<\/div>\n\t\t\t\t<\/div>\n\t\t\t\t\t<\/div>\n\t\t\t\t<\/div>\n\t\t<div class=\"elementor-element elementor-element-4f67283 e-con-full e-flex e-con e-parent\" data-id=\"4f67283\" data-element_type=\"container\">\n\t\t<div class=\"elementor-element elementor-element-bbeb549 e-con-full e-flex e-con e-child\" data-id=\"bbeb549\" data-element_type=\"container\" data-settings=\"{&quot;background_background&quot;:&quot;classic&quot;}\">\n\t\t\t\t<\/div>\n\t\t<div class=\"elementor-element elementor-element-f2c0500 e-con-full e-flex e-con e-child\" data-id=\"f2c0500\" data-element_type=\"container\">\n\t\t\t\t<div class=\"elementor-element elementor-element-544b3c3 elementor-widget elementor-widget-heading\" data-id=\"544b3c3\" data-element_type=\"widget\" data-widget_type=\"heading.default\">\n\t\t\t\t<div class=\"elementor-widget-container\">\n\t\t\t\t\t<h2 class=\"elementor-heading-title elementor-size-default\">Traslados aeropuerto<\/h2>\t\t\t\t<\/div>\n\t\t\t\t<\/div>\n\t\t\t\t<div class=\"elementor-element elementor-element-691f0b9 elementor-widget elementor-widget-text-editor\" data-id=\"691f0b9\" data-element_type=\"widget\" data-widget_type=\"text-editor.default\">\n\t\t\t\t<div class=\"elementor-widget-container\">\n\t\t\t\t\t\t\t\t\t<p>Deje que su viaje comience sin estr\u00e9s con nuestros c\u00f3modos traslados al aeropuerto. Nuestro equipo de profesionales est\u00e1 preparado para recogerle en el aeropuerto y llevarle directamente a su destino de vacaciones. Disfrute de la comodidad y el confort mientras se relaja tras su vuelo.<\/p>\n\t\t\t\t\t\t\t\t<\/div>\n\t\t\t\t<\/div>\n\t\t\t\t<\/div>\n\t\t\t\t<\/div>\n\t\t<div class=\"elementor-element elementor-element-e3a7549 e-con-full e-flex e-con e-parent\" data-id=\"e3a7549\" data-element_type=\"container\">\n\t\t<div class=\"elementor-element elementor-element-e49a358 e-con-full e-flex e-con e-child\" data-id=\"e49a358\" data-element_type=\"container\">\n\t\t\t\t<div class=\"elementor-element elementor-element-370b306 elementor-widget elementor-widget-heading\" data-id=\"370b306\" data-element_type=\"widget\" data-widget_type=\"heading.default\">\n\t\t\t\t<div class=\"elementor-widget-container\">\n\t\t\t\t\t<h2 class=\"elementor-heading-title elementor-size-default\">Nevera llena<\/h2>\t\t\t\t<\/div>\n\t\t\t\t<\/div>\n\t\t\t\t<div class=\"elementor-element elementor-element-4779872 elementor-widget elementor-widget-text-editor\" data-id=\"4779872\" data-element_type=\"widget\" data-widget_type=\"text-editor.default\">\n\t\t\t\t<div class=\"elementor-widget-container\">\n\t\t\t\t\t\t\t\t\t<p><span style=\"font-weight: 400;\">Llegue a su destino de vacaciones y encuentre la nevera repleta de deliciosos manjares y refrescantes bebidas. Perm\u00edtanos organizar sus compras para que pueda relajarse inmediatamente y disfrutar de su estancia sin preocuparse por las compras.<\/span><\/p>\n\t\t\t\t\t\t\t\t<\/div>\n\t\t\t\t<\/div>\n\t\t\t\t<\/div>\n\t\t<div class=\"elementor-element elementor-element-7e281e1 e-con-full e-flex e-con e-child\" data-id=\"7e281e1\" data-element_type=\"container\" data-settings=\"{&quot;background_background&quot;:&quot;classic&quot;}\">\n\t\t\t\t<\/div>\n\t\t\t\t<\/div>\n\t\t<div class=\"elementor-element elementor-element-f71d01d e-flex e-con-boxed e-con e-parent\" data-id=\"f71d01d\" data-element_type=\"container\" data-settings=\"{&quot;background_background&quot;:&quot;classic&quot;}\">\n\t\t\t\t\t<div class=\"e-con-inner\">\n\t\t\t\t<div class=\"elementor-element elementor-element-8710982 elementor-widget elementor-widget-heading\" data-id=\"8710982\" data-element_type=\"widget\" data-widget_type=\"heading.default\">\n\t\t\t\t<div class=\"elementor-widget-container\">\n\t\t\t\t\t<h2 class=\"elementor-heading-title elementor-size-default\">P\u00f3ngase en contacto con nosotros hoy mismo<br>para iniciar su viaje<\/h2>\t\t\t\t<\/div>\n\t\t\t\t<\/div>\n\t\t\t\t<div class=\"elementor-element elementor-element-f18e850 elementor-align-justify elementor-widget__width-initial elementor-widget elementor-widget-button\" data-id=\"f18e850\" data-element_type=\"widget\" data-widget_type=\"button.default\">\n\t\t\t\t<div class=\"elementor-widget-container\">\n\t\t\t\t\t\t\t\t\t<div class=\"elementor-button-wrapper\">\n\t\t\t\t\t<a class=\"elementor-button elementor-button-link elementor-size-sm\" href=\"https:\/\/vakantieverhuurspanje.es\/es\/contacto\/\">\n\t\t\t\t\t\t<span class=\"elementor-button-content-wrapper\">\n\t\t\t\t\t\t\t\t\t<span class=\"elementor-button-text\">P\u00f3ngase en contacto<\/span>\n\t\t\t\t\t<\/span>\n\t\t\t\t\t<\/a>\n\t\t\t\t<\/div>\n\t\t\t\t\t\t\t\t<\/div>\n\t\t\t\t<\/div>\n\t\t\t\t\t<\/div>\n\t\t\t\t<\/div>\n\t\t<div class=\"elementor-element elementor-element-bdb4aeb e-con-full e-flex e-con e-parent\" data-id=\"bdb4aeb\" data-element_type=\"container\">\n\t\t<div class=\"elementor-element elementor-element-4dea03c e-con-full e-flex e-con e-child\" data-id=\"4dea03c\" data-element_type=\"container\" data-settings=\"{&quot;background_background&quot;:&quot;classic&quot;}\">\n\t\t\t\t<\/div>\n\t\t<div class=\"elementor-element elementor-element-8e20e4f e-con-full e-flex e-con e-child\" data-id=\"8e20e4f\" data-element_type=\"container\">\n\t\t\t\t<div class=\"elementor-element elementor-element-dc7aa63 elementor-widget elementor-widget-heading\" data-id=\"dc7aa63\" data-element_type=\"widget\" data-widget_type=\"heading.default\">\n\t\t\t\t<div class=\"elementor-widget-container\">\n\t\t\t\t\t<h2 class=\"elementor-heading-title elementor-size-default\">Alquiler de coches<\/h2>\t\t\t\t<\/div>\n\t\t\t\t<\/div>\n\t\t\t\t<div class=\"elementor-element elementor-element-54a1d80 elementor-widget elementor-widget-text-editor\" data-id=\"54a1d80\" data-element_type=\"widget\" data-widget_type=\"text-editor.default\">\n\t\t\t\t<div class=\"elementor-widget-container\">\n\t\t\t\t\t\t\t\t\t<p><span style=\"font-weight: 400;\">Explore los bellos alrededores a su ritmo con nuestros c\u00f3modos servicios de alquiler de coches. Elija entre una amplia gama de veh\u00edculos y disfrute de la libertad de descubrir los lugares de inter\u00e9s y explorar las joyas ocultas, todo seg\u00fan su propio horario.<\/span><\/p>\n\t\t\t\t\t\t\t\t<\/div>\n\t\t\t\t<\/div>\n\t\t\t\t<\/div>\n\t\t\t\t<\/div>\n\t\t<div class=\"elementor-element elementor-element-ccbc96e e-con-full e-flex e-con e-parent\" data-id=\"ccbc96e\" data-element_type=\"container\">\n\t\t<div class=\"elementor-element elementor-element-a9a2652 e-con-full e-flex e-con e-child\" data-id=\"a9a2652\" data-element_type=\"container\">\n\t\t\t\t<div class=\"elementor-element elementor-element-6d43ca1 elementor-widget elementor-widget-heading\" data-id=\"6d43ca1\" data-element_type=\"widget\" data-widget_type=\"heading.default\">\n\t\t\t\t<div class=\"elementor-widget-container\">\n\t\t\t\t\t<h2 class=\"elementor-heading-title elementor-size-default\">Alquiler de bicicletas<\/h2>\t\t\t\t<\/div>\n\t\t\t\t<\/div>\n\t\t\t\t<div class=\"elementor-element elementor-element-7276df6 elementor-widget elementor-widget-text-editor\" data-id=\"7276df6\" data-element_type=\"widget\" data-widget_type=\"text-editor.default\">\n\t\t\t\t<div class=\"elementor-widget-container\">\n\t\t\t\t\t\t\t\t\t<p><span style=\"font-weight: 400;\">Explore la zona de forma ecol\u00f3gica y activa con nuestros servicios de alquiler de bicicletas. Explore senderos panor\u00e1micos, hermosas costas y pueblos con encanto mientras disfruta del aire puro y de un paisaje impresionante;<\/span><\/p>\n\t\t\t\t\t\t\t\t<\/div>\n\t\t\t\t<\/div>\n\t\t\t\t<\/div>\n\t\t<div class=\"elementor-element elementor-element-409426b e-con-full e-flex e-con e-child\" data-id=\"409426b\" data-element_type=\"container\" data-settings=\"{&quot;background_background&quot;:&quot;classic&quot;}\">\n\t\t\t\t<\/div>\n\t\t\t\t<\/div>\n\t\t\t\t<\/div>\n\t\t","protected":false},"excerpt":{"rendered":"<p>Servicios Descubra los lujos y comodidades de nuestros servicios extra en Vakantie Verhuur Spanje, con los que nos aseguramos de que su estancia sea inolvidable. Traslados aeropuerto Deje que su viaje comience sin estr\u00e9s con nuestros c\u00f3modos traslados al aeropuerto. Nuestro equipo de profesionales est\u00e1 preparado para recogerle en el aeropuerto y llevarle directamente a [&hellip;]<\/p>\n","protected":false},"author":1,"featured_media":0,"parent":0,"menu_order":0,"comment_status":"closed","ping_status":"closed","template":"","meta":{"_acf_changed":false,"footnotes":""},"class_list":["post-4033","page","type-page","status-publish","hentry"],"acf":[],"_links":{"self":[{"href":"https:\/\/vakantieverhuurspanje.es\/es\/wp-json\/wp\/v2\/pages\/4033","targetHints":{"allow":["GET"]}}],"collection":[{"href":"https:\/\/vakantieverhuurspanje.es\/es\/wp-json\/wp\/v2\/pages"}],"about":[{"href":"https:\/\/vakantieverhuurspanje.es\/es\/wp-json\/wp\/v2\/types\/page"}],"author":[{"embeddable":true,"href":"https:\/\/vakantieverhuurspanje.es\/es\/wp-json\/wp\/v2\/users\/1"}],"replies":[{"embeddable":true,"href":"https:\/\/vakantieverhuurspanje.es\/es\/wp-json\/wp\/v2\/comments?post=4033"}],"version-history":[{"count":15,"href":"https:\/\/vakantieverhuurspanje.es\/es\/wp-json\/wp\/v2\/pages\/4033\/revisions"}],"predecessor-version":[{"id":6318,"href":"https:\/\/vakantieverhuurspanje.es\/es\/wp-json\/wp\/v2\/pages\/4033\/revisions\/6318"}],"wp:attachment":[{"href":"https:\/\/vakantieverhuurspanje.es\/es\/wp-json\/wp\/v2\/media?parent=4033"}],"curies":[{"name":"wp","href":"https:\/\/api.w.org\/{rel}","templated":true}]}}